{"id":9609,"date":"2023-06-12T16:16:19","date_gmt":"2023-06-12T14:16:19","guid":{"rendered":"https:\/\/ensoleillade.fr\/?page_id=9609"},"modified":"2023-06-15T12:05:18","modified_gmt":"2023-06-15T10:05:18","slug":"acces-photos","status":"publish","type":"page","link":"https:\/\/ensoleillade.fr\/en\/acces-photos\/","title":{"rendered":"Photo Access"},"content":{"rendered":"<p>[et_pb_section fb_built=&#8221;1&#8243; _builder_version=&#8221;4.18.0&#8243; _module_preset=&#8221;default&#8221; custom_margin=&#8221;0px||0px||false|false&#8221; custom_padding=&#8221;0px||0px||false|false&#8221; global_colors_info=&#8221;{}&#8221;][et_pb_row _builder_version=&#8221;4.18.0&#8243; _module_preset=&#8221;default&#8221; width=&#8221;100%&#8221; max_width=&#8221;100%&#8221; module_alignment=&#8221;center&#8221; custom_margin=&#8221;0px||0px||false|false&#8221; custom_padding=&#8221;0px||0px||false|false&#8221; global_colors_info=&#8221;{}&#8221;][et_pb_column type=&#8221;4_4&#8243; _builder_version=&#8221;4.18.0&#8243; _module_preset=&#8221;default&#8221; global_colors_info=&#8221;{}&#8221;][et_pb_menu menu_id=&#8221;19&#8243; _builder_version=&#8221;4.18.0&#8243; _module_preset=&#8221;default&#8221; menu_font=&#8221;Baskervville||||||||&#8221; menu_text_color=&#8221;#FFFFFF&#8221; menu_font_size=&#8221;15pt&#8221; background_color=&#8221;#bea994&#8243; text_orientation=&#8221;center&#8221; background_layout=&#8221;dark&#8221; height=&#8221;50px&#8221; sticky_position=&#8221;top&#8221; custom_css_main_element=&#8221;display: flex;||align-items: center;||justify-content: center;&#8221; custom_css_menu_link=&#8221;margin-right: 1.5vw;||margin-left: 1.5vw;&#8221; global_colors_info=&#8221;{}&#8221; custom_css_main_element_last_edited=&#8221;on|tablet&#8221; custom_css_main_element_tablet=&#8221;align-items: center;||justify-content: flex-end;&#8221; custom_css_main_element_phone=&#8221;align-items: center;||justify-content: flex-end;&#8221;][\/et_pb_menu][\/et_pb_column][\/et_pb_row][et_pb_row _builder_version=&#8221;4.18.0&#8243; _module_preset=&#8221;default&#8221; background_color=&#8221;rgba(190,169,148,0.5)&#8221; width=&#8221;100%&#8221; max_width=&#8221;100%&#8221; height=&#8221;100px&#8221; custom_padding=&#8221;||||false|false&#8221; custom_css_main_element=&#8221;display: flex;||align-items: center;&#8221; global_colors_info=&#8221;{}&#8221; custom_padding__hover_enabled=&#8221;off|desktop&#8221;][et_pb_column type=&#8221;4_4&#8243; _builder_version=&#8221;4.18.0&#8243; _module_preset=&#8221;default&#8221; global_colors_info=&#8221;{}&#8221;][et_pb_text _builder_version=&#8221;4.18.0&#8243; _module_preset=&#8221;5fcf2981-9894-46db-a1aa-1a4489826a15&#8243; global_colors_info=&#8221;{}&#8221;]<\/p>\n<p>Photo Access<\/p>\n<p>[\/et_pb_text][\/et_pb_column][\/et_pb_row][\/et_pb_section][et_pb_section fb_built=&#8221;1&#8243; custom_padding_last_edited=&#8221;on|phone&#8221; _builder_version=&#8221;4.18.0&#8243; _module_preset=&#8221;default&#8221; custom_margin=&#8221;0px|0px|0px|0px|false|false&#8221; custom_padding=&#8221;0px|0px|0px|0px|false|false&#8221; custom_padding_tablet=&#8221;50px||||false|false&#8221; custom_padding_phone=&#8221;50px||||false|false&#8221; custom_css_main_element=&#8221;display: flex;||justify-content: space-between;&#8221; global_colors_info=&#8221;{}&#8221; custom_css_main_element_last_edited=&#8221;on|tablet&#8221; custom_css_main_element_tablet=&#8221;flex-wrap: wrap;&#8221; custom_css_main_element_phone=&#8221;flex-wrap: wrap;&#8221;][et_pb_row disabled_on=&#8221;on|on|off&#8221; _builder_version=&#8221;4.18.0&#8243; _module_preset=&#8221;default&#8221; background_color=&#8221;#000000&#8243; background_image=&#8221;https:\/\/ensoleillade.fr\/wp-content\/uploads\/2023\/06\/lavandine-ecru1mo-scaled.jpg&#8221; width=&#8221;100%&#8221; max_width=&#8221;25vw&#8221; custom_margin=&#8221;0px|0px|0px|0px|false|false&#8221; custom_padding=&#8221;0px|0px|0px|0px|false|false&#8221; hover_enabled=&#8221;0&#8243; global_colors_info=&#8221;{}&#8221; sticky_enabled=&#8221;0&#8243; title_text=&#8221;lavandine ecru1mo&#8221;][et_pb_column type=&#8221;4_4&#8243; _builder_version=&#8221;4.18.0&#8243; _module_preset=&#8221;default&#8221; global_colors_info=&#8221;{}&#8221;][\/et_pb_column][\/et_pb_row][et_pb_row _builder_version=&#8221;4.18.0&#8243; _module_preset=&#8221;default&#8221; background_color=&#8221;#f2eeea&#8221; width=&#8221;33.33vw&#8221; width_tablet=&#8221;80%&#8221; width_phone=&#8221;80%&#8221; width_last_edited=&#8221;on|tablet&#8221; max_width=&#8221;33.33vw&#8221; max_width_tablet=&#8221;80%&#8221; max_width_phone=&#8221;80%&#8221; max_width_last_edited=&#8221;on|tablet&#8221; module_alignment=&#8221;center&#8221; custom_margin=&#8221;75px|75px|300px|75px|false|true&#8221; custom_margin_tablet=&#8221;0px|auto|25px|auto|false|true&#8221; custom_margin_phone=&#8221;0px|auto|25px|auto|false|true&#8221; custom_margin_last_edited=&#8221;on|tablet&#8221; custom_padding=&#8221;50px|50px|50px|50px|true|true&#8221; global_colors_info=&#8221;{}&#8221;][et_pb_column type=&#8221;4_4&#8243; _builder_version=&#8221;4.18.0&#8243; _module_preset=&#8221;default&#8221; global_colors_info=&#8221;{}&#8221;][et_pb_text _builder_version=&#8221;4.18.0&#8243; _module_preset=&#8221;default&#8221; text_font=&#8221;Questrial||||||||&#8221; text_text_color=&#8221;#000000&#8243; text_font_size=&#8221;15pt&#8221; text_font_size_tablet=&#8221;15pt&#8221; text_font_size_phone=&#8221;10pt&#8221; text_font_size_last_edited=&#8221;on|phone&#8221; global_colors_info=&#8221;{}&#8221;]<\/p>\n<p style=\"text-align: center;\">We provide you with photos from our collection.<\/p>\n<p style=\"text-align: center;\">To download them, click on the link below and use the password.<\/p>\n<p style=\"text-align: center;\">To find out the password, please contact us on +33 (0)4.94.68.21.16 or by email.<\/p>\n<p>[\/et_pb_text][et_pb_button button_url=&#8221;@ET-DC@eyJkeW5hbWljIjp0cnVlLCJjb250ZW50IjoicG9zdF9saW5rX3VybF9wYWdlIiwic2V0dGluZ3MiOnsicG9zdF9pZCI6Ijg3OTQifX0=@&#8221; button_text=&#8221;Acc\u00e9der aux Photos&#8221; button_alignment=&#8221;center&#8221; _builder_version=&#8221;4.18.0&#8243; _dynamic_attributes=&#8221;button_url&#8221; _module_preset=&#8221;default&#8221; custom_button=&#8221;on&#8221; button_text_size=&#8221;15pt&#8221; button_text_color=&#8221;#FFFFFF&#8221; button_bg_color=&#8221;#1c1d22&#8243; button_border_width=&#8221;0px&#8221; button_border_radius=&#8221;10px&#8221; button_font=&#8221;Baskervville||||||||&#8221; button_icon=&#8221;&#x24;||divi||400&#8243; button_on_hover=&#8221;off&#8221; background_layout=&#8221;dark&#8221; button_text_size_tablet=&#8221;15pt&#8221; button_text_size_phone=&#8221;10pt&#8221; button_text_size_last_edited=&#8221;on|phone&#8221; global_colors_info=&#8221;{}&#8221;][\/et_pb_button][\/et_pb_column][\/et_pb_row][et_pb_row _builder_version=&#8221;4.18.0&#8243; _module_preset=&#8221;default&#8221; background_color=&#8221;#000000&#8243; background_image=&#8221;https:\/\/ensoleillade.fr\/wp-content\/uploads\/2023\/06\/quiberon-bleu1mo-scaled.jpg&#8221; width=&#8221;100%&#8221; max_width=&#8221;25vw&#8221; max_width_tablet=&#8221;100%&#8221; max_width_phone=&#8221;100%&#8221; max_width_last_edited=&#8221;on|phone&#8221; height_tablet=&#8221;25vh&#8221; height_phone=&#8221;25vh&#8221; height_last_edited=&#8221;on|phone&#8221; custom_margin=&#8221;0px|0px|0px|0px|false|false&#8221; custom_padding=&#8221;0px|0px|0px|0px|false|false&#8221; hover_enabled=&#8221;0&#8243; background_last_edited=&#8221;on|tablet&#8221; background_image_tablet=&#8221;https:\/\/ensoleillade.fr\/wp-content\/uploads\/2023\/06\/vanina2-scaled.jpg&#8221; background_enable_image_tablet=&#8221;on&#8221; global_colors_info=&#8221;{}&#8221; title_text=&#8221;quiberon bleu1mo&#8221; sticky_enabled=&#8221;0&#8243;][et_pb_column type=&#8221;4_4&#8243; _builder_version=&#8221;4.18.0&#8243; _module_preset=&#8221;default&#8221; global_colors_info=&#8221;{}&#8221;][\/et_pb_column][\/et_pb_row][\/et_pb_section]<\/p>","protected":false},"excerpt":{"rendered":"<p>Acc\u00e8s PhotosNous mettons \u00e0 votre disposition\u00a0 les photos de notre collection. Pour les t\u00e9l\u00e9charger, cliquez sur le lien ci-dessous et utiliser le mot de passe. Pour conna\u00eetre le mot de passe, merci de nous contacter au 04.94.68.21.16 ou par email.<\/p>","protected":false},"author":8,"featured_media":0,"parent":0,"menu_order":0,"comment_status":"closed","ping_status":"closed","template":"","meta":{"_et_pb_use_builder":"on","_et_pb_old_content":"","_et_gb_content_width":"","footnotes":""},"_links":{"self":[{"href":"https:\/\/ensoleillade.fr\/en\/wp-json\/wp\/v2\/pages\/9609"}],"collection":[{"href":"https:\/\/ensoleillade.fr\/en\/wp-json\/wp\/v2\/pages"}],"about":[{"href":"https:\/\/ensoleillade.fr\/en\/wp-json\/wp\/v2\/types\/page"}],"author":[{"embeddable":true,"href":"https:\/\/ensoleillade.fr\/en\/wp-json\/wp\/v2\/users\/8"}],"replies":[{"embeddable":true,"href":"https:\/\/ensoleillade.fr\/en\/wp-json\/wp\/v2\/comments?post=9609"}],"version-history":[{"count":13,"href":"https:\/\/ensoleillade.fr\/en\/wp-json\/wp\/v2\/pages\/9609\/revisions"}],"predecessor-version":[{"id":9758,"href":"https:\/\/ensoleillade.fr\/en\/wp-json\/wp\/v2\/pages\/9609\/revisions\/9758"}],"wp:attachment":[{"href":"https:\/\/ensoleillade.fr\/en\/wp-json\/wp\/v2\/media?parent=9609"}],"curies":[{"name":"wp","href":"https:\/\/api.w.org\/{rel}","templated":true}]}}